{"id":3766,"date":"2021-04-21T07:17:20","date_gmt":"2021-04-21T07:17:20","guid":{"rendered":"https:\/\/amema.az\/?page_id=3766"},"modified":"2021-09-15T13:52:42","modified_gmt":"2021-09-15T09:52:42","slug":"members-of-the-association","status":"publish","type":"page","link":"https:\/\/amema.az\/en\/members-of-the-association\/","title":{"rendered":"Assosiasiyan\u0131n \u00fczvl\u0259ri"},"content":{"rendered":"<div class=\"wpb-content-wrapper\"><p>[vc_row][vc_column][vc_column_text]<\/p>\n<p>&nbsp;<\/p>\n<p><strong><em>Kiml\u0259r \u00fczv ola bil\u0259r?<\/em><\/strong><\/p>\n<p>Az\u0259rbaycan Respublikas\u0131nda ma\u015f\u0131n v\u0259 avadanl\u0131q istehsal\u0131 sah\u0259sind\u0259 f\u0259aliyy\u0259t g\u00f6st\u0259r\u0259n h\u0259r bir fiziki v\u0259 h\u00fcquqi \u015f\u0259xs (d\u00f6vl\u0259t hakimiyy\u0259ti v\u0259 yerli \u00f6z\u00fcn\u00fcidar\u0259 orqanlar\u0131 istisna olmaqla) Assosiasiyan\u0131n \u00fczv\u00fc ola bil\u0259r.<\/p>\n<p><strong><em>Assosiasiyaya nec\u0259 \u00fczv olmaq olar?<\/em><\/strong><\/p>\n<p>Assosiasiyaya \u00fczvl\u0259rin q\u0259bulu Assosiasiyan\u0131n \u0130dar\u0259 Hey\u0259ti t\u0259r\u0259find\u0259n apar\u0131l\u0131r. Assosiasiyaya daxil olmaq \u00fc\u00e7\u00fcn Assosiasiyan\u0131n \u0130dar\u0259 Hey\u0259tin\u0259 Assosiasiya \u00fczvl\u00fcy\u00fcn\u0259 q\u0259bul olunmas\u0131 bar\u0259d\u0259 yaz\u0131l\u0131 \u0259riz\u0259 il\u0259 m\u00fcraci\u0259t edilir. \u018friz\u0259y\u0259 1 (bir) ay m\u00fcdd\u0259tind\u0259 bax\u0131l\u0131r. S\u0259sverm\u0259 n\u0259tic\u0259sind\u0259 \u0130dar\u0259 Hey\u0259tinin \u00fczvl\u0259rinin yar\u0131dan \u00e7oxu bu m\u0259s\u0259l\u0259y\u0259 m\u00fcsb\u0259t m\u00fcnasib\u0259tl\u0259rini bildirdikd\u0259, \u0259riz\u0259\u00e7i Assosiasiyan\u0131n \u00fczv\u00fc se\u00e7ilmi\u015f hesab edilir.<\/p>\n<p>&nbsp;<\/p>\n<p>[\/vc_column_text][\/vc_column][\/vc_row][vc_row css=&#8221;.vc_custom_1575386276252{padding-bottom: 85px !important;}&#8221;][vc_column]<style type=\"text\/css\" data-type=\"the7_shortcodes-inline-css\">.dt-team-shortcode.team-masonry-shortcode-id-c89c2cb0dbc94803a08264af0fc26507 .team-desc {\n  padding: 25px 20px 30px 20px;\n}\n.dt-team-shortcode.team-masonry-shortcode-id-c89c2cb0dbc94803a08264af0fc26507 .team-author-name,\n.dt-team-shortcode.team-masonry-shortcode-id-c89c2cb0dbc94803a08264af0fc26507 .team-author-name a {\n  margin-bottom: 2px;\n  font-weight: bold;\n}\n.dt-team-shortcode.team-masonry-shortcode-id-c89c2cb0dbc94803a08264af0fc26507 .team-author p {\n  margin-bottom: 15px;\n}\n.dt-team-shortcode.team-masonry-shortcode-id-c89c2cb0dbc94803a08264af0fc26507  .team-media {\n  padding: 0px 0px 0px 0px;\n}\n.dt-team-shortcode.team-masonry-shortcode-id-c89c2cb0dbc94803a08264af0fc26507 .dt-css-grid .team-media img {\n  max-width: 100%;\n}\n.dt-team-shortcode.team-masonry-shortcode-id-c89c2cb0dbc94803a08264af0fc26507 .team-content {\n  margin-bottom: 5px;\n}\n.dt-team-shortcode.team-masonry-shortcode-id-c89c2cb0dbc94803a08264af0fc26507  .team-media,\n.dt-team-shortcode.team-masonry-shortcode-id-c89c2cb0dbc94803a08264af0fc26507  .team-media a.rollover,\n.dt-team-shortcode.team-masonry-shortcode-id-c89c2cb0dbc94803a08264af0fc26507  .team-media a.rollover *,\n.dt-team-shortcode.team-masonry-shortcode-id-c89c2cb0dbc94803a08264af0fc26507  .team-media img {\n  border-radius: 0px;\n}\n.dt-team-shortcode.team-masonry-shortcode-id-c89c2cb0dbc94803a08264af0fc26507 .soc-ico {\n  margin-bottom: 15px;\n}\n.dt-team-shortcode.team-masonry-shortcode-id-c89c2cb0dbc94803a08264af0fc26507 .soc-ico a {\n  min-width: 26px;\n  min-height: 26px;\n  font-size: 16px;\n  border-radius: 100px;\n}\n.dt-team-shortcode.team-masonry-shortcode-id-c89c2cb0dbc94803a08264af0fc26507 .soc-ico a:not(:last-child) {\n  margin-right: 4px;\n}\n.dt-team-shortcode.team-masonry-shortcode-id-c89c2cb0dbc94803a08264af0fc26507 .soc-ico a:before,\n.dt-team-shortcode.team-masonry-shortcode-id-c89c2cb0dbc94803a08264af0fc26507 .soc-ico a:after {\n  min-width: 26px;\n  min-height: 26px;\n  padding: inherit;\n}\n.dt-icon-border-on.dt-team-shortcode.team-masonry-shortcode-id-c89c2cb0dbc94803a08264af0fc26507 .soc-ico a:before {\n  border: 0px solid transparent;\n}\n.dt-team-shortcode.team-masonry-shortcode-id-c89c2cb0dbc94803a08264af0fc26507 .soc-ico a:hover {\n  font-size: 16px;\n}\n#page .dt-team-shortcode.team-masonry-shortcode-id-c89c2cb0dbc94803a08264af0fc26507 .soc-ico a:hover .soc-font-icon {\n  color: rgba(255,255,255,0.75);\n  background: none;\n}\n.dt-icon-border-hover-on.dt-team-shortcode.team-masonry-shortcode-id-c89c2cb0dbc94803a08264af0fc26507 .soc-ico a:after {\n  border: 0px solid transparent;\n}\n#page .dt-team-shortcode.team-masonry-shortcode-id-c89c2cb0dbc94803a08264af0fc26507 .soc-ico a:not(:hover) .soc-font-icon {\n  color: #ffffff;\n  background: none;\n}\n.dt-team-shortcode.team-masonry-shortcode-id-c89c2cb0dbc94803a08264af0fc26507 .soc-ico a .soc-font-icon {\n  font-size: 16px;\n}\n.dt-team-shortcode.team-masonry-shortcode-id-c89c2cb0dbc94803a08264af0fc26507 .filter-bg-decoration .filter-categories a.act {\n  color: #fff;\n}\n.dt-team-shortcode.team-masonry-shortcode-id-c89c2cb0dbc94803a08264af0fc26507:not(.resize-by-browser-width) .dt-css-grid {\n  grid-row-gap: 30px;\n  grid-column-gap: 30px;\n  grid-template-columns: repeat(auto-fill,minmax(,1fr));\n}\n.cssgridlegacy.no-cssgrid .dt-team-shortcode.team-masonry-shortcode-id-c89c2cb0dbc94803a08264af0fc26507:not(.resize-by-browser-width) .dt-css-grid,\n.no-cssgridlegacy.no-cssgrid .dt-team-shortcode.team-masonry-shortcode-id-c89c2cb0dbc94803a08264af0fc26507:not(.resize-by-browser-width) .dt-css-grid {\n  display: flex;\n  flex-flow: row wrap;\n  margin: -15px;\n}\n.cssgridlegacy.no-cssgrid .dt-team-shortcode.team-masonry-shortcode-id-c89c2cb0dbc94803a08264af0fc26507:not(.resize-by-browser-width) .dt-css-grid .wf-cell,\n.no-cssgridlegacy.no-cssgrid .dt-team-shortcode.team-masonry-shortcode-id-c89c2cb0dbc94803a08264af0fc26507:not(.resize-by-browser-width) .dt-css-grid .wf-cell {\n  flex: 1 0 ;\n  max-width: 100%;\n  padding: 15px;\n  box-sizing: border-box;\n}\n.dt-team-shortcode.team-masonry-shortcode-id-c89c2cb0dbc94803a08264af0fc26507.resize-by-browser-width .dt-css-grid {\n  grid-template-columns: repeat(3,1fr);\n  grid-template-rows: auto;\n  grid-column-gap: 30px;\n  grid-row-gap: 30px;\n}\n.cssgridlegacy.no-cssgrid .dt-team-shortcode.team-masonry-shortcode-id-c89c2cb0dbc94803a08264af0fc26507.resize-by-browser-width .dt-css-grid,\n.no-cssgridlegacy.no-cssgrid .dt-team-shortcode.team-masonry-shortcode-id-c89c2cb0dbc94803a08264af0fc26507.resize-by-browser-width .dt-css-grid {\n  margin: -15px;\n}\n.cssgridlegacy.no-cssgrid .dt-team-shortcode.team-masonry-shortcode-id-c89c2cb0dbc94803a08264af0fc26507.resize-by-browser-width .dt-css-grid .wf-cell,\n.no-cssgridlegacy.no-cssgrid .dt-team-shortcode.team-masonry-shortcode-id-c89c2cb0dbc94803a08264af0fc26507.resize-by-browser-width .dt-css-grid .wf-cell {\n  width: 33.333333333333%;\n  padding: 15px;\n}\n@media screen and (max-width: 1199px) {\n  .dt-team-shortcode.team-masonry-shortcode-id-c89c2cb0dbc94803a08264af0fc26507.resize-by-browser-width .dt-css-grid {\n    grid-template-columns: repeat(3,1fr);\n  }\n  .cssgridlegacy.no-cssgrid .dt-team-shortcode.team-masonry-shortcode-id-c89c2cb0dbc94803a08264af0fc26507.resize-by-browser-width .dt-css-grid .wf-cell,\n  .no-cssgridlegacy.no-cssgrid .dt-team-shortcode.team-masonry-shortcode-id-c89c2cb0dbc94803a08264af0fc26507.resize-by-browser-width .dt-css-grid .wf-cell {\n    width: 33.333333333333%;\n  }\n}\n@media screen and (max-width: 991px) {\n  .dt-team-shortcode.team-masonry-shortcode-id-c89c2cb0dbc94803a08264af0fc26507.resize-by-browser-width .dt-css-grid {\n    grid-template-columns: repeat(2,1fr);\n  }\n  .cssgridlegacy.no-cssgrid .dt-team-shortcode.team-masonry-shortcode-id-c89c2cb0dbc94803a08264af0fc26507.resize-by-browser-width .dt-css-grid .wf-cell,\n  .no-cssgridlegacy.no-cssgrid .dt-team-shortcode.team-masonry-shortcode-id-c89c2cb0dbc94803a08264af0fc26507.resize-by-browser-width .dt-css-grid .wf-cell {\n    width: 50%;\n  }\n}\n@media screen and (max-width: 767px) {\n  .dt-team-shortcode.team-masonry-shortcode-id-c89c2cb0dbc94803a08264af0fc26507.resize-by-browser-width .dt-css-grid {\n    grid-template-columns: repeat(1,1fr);\n  }\n  .cssgridlegacy.no-cssgrid .dt-team-shortcode.team-masonry-shortcode-id-c89c2cb0dbc94803a08264af0fc26507.resize-by-browser-width .dt-css-grid .wf-cell,\n  .no-cssgridlegacy.no-cssgrid .dt-team-shortcode.team-masonry-shortcode-id-c89c2cb0dbc94803a08264af0fc26507.resize-by-browser-width .dt-css-grid .wf-cell {\n    width: 100%;\n  }\n}\n<\/style><div class=\"dt-team-masonry-shortcode dt-team-shortcode team-masonry-shortcode-id-c89c2cb0dbc94803a08264af0fc26507 loading-effect-none mode-grid jquery-filter content-align-center content-bg-on dt-css-grid-wrap dt-css-grid-wrap dt-icon-bg-on dt-icon-border-on dt-icon-hover-bg-on dt-icon-border-hover-on move-icons-under-position resize-by-browser-width  \" data-padding=\"15px\" data-cur-page=\"1\" data-post-limit=\"-1\" data-pagination-mode=\"none\" data-desktop-columns-num=\"3\" data-v-tablet-columns-num=\"2\" data-h-tablet-columns-num=\"3\" data-phone-columns-num=\"1\" data-width=\"0px\" data-columns=\"0\"><div class=\"dt-css-grid\" ><\/div><!-- iso-container|iso-grid --><\/div>[\/vc_column][\/vc_row][vc_row full_width=&#8221;stretch_row&#8221; content_placement=&#8221;middle&#8221; css=&#8221;.vc_custom_1575386417263{padding-top: 80px !important;padding-bottom: 60px !important;background-color: rgba(0,0,0,0.04) !important;*background-color: rgb(0,0,0) !important;}&#8221;][vc_column offset=&#8221;vc_col-lg-4 vc_col-md-12&#8243; css=&#8221;.vc_custom_1575378589868{padding-bottom: 20px !important;}&#8221;]<div id=\"ultimate-heading-787769fa0476b1006\" class=\"uvc-heading ult-adjust-bottom-margin ultimate-heading-787769fa0476b1006 uvc-5924  uvc-heading-default-font-sizes\" data-hspacer=\"no_spacer\"  data-halign=\"center\" style=\"text-align:center\"><div class=\"uvc-heading-spacer no_spacer\" style=\"top\"><\/div><div class=\"uvc-main-heading ult-responsive\"  data-ultimate-target='.uvc-heading.ultimate-heading-787769fa0476b1006 h2'  data-responsive-json-new='{\"font-size\":\"\",\"line-height\":\"\"}' ><h2 style=\"font-weight:bold;margin-bottom:0px;\">Biziml\u0259 \u0259laq\u0259.<\/h2><\/div><\/div>[\/vc_column][vc_column offset=&#8221;vc_col-lg-4 vc_col-md-12&#8243; css=&#8221;.vc_custom_1575378595138{padding-bottom: 20px !important;}&#8221;]<div id=\"ultimate-heading-212569fa0476b1025\" class=\"uvc-heading ult-adjust-bottom-margin ultimate-heading-212569fa0476b1025 uvc-9981 \" data-hspacer=\"no_spacer\"  data-halign=\"center\" style=\"text-align:center\"><div class=\"uvc-heading-spacer no_spacer\" style=\"top\"><\/div><div class=\"uvc-main-heading ult-responsive\"  data-ultimate-target='.uvc-heading.ultimate-heading-212569fa0476b1025 h2'  data-responsive-json-new='{\"font-size\":\"desktop:24px;\",\"line-height\":\"desktop:34px;\"}' ><h2 style=\"font-weight:bold;\">+994 (55) 505 32 61<\/h2><\/div><div class=\"uvc-sub-heading ult-responsive\"  data-ultimate-target='.uvc-heading.ultimate-heading-212569fa0476b1025 .uvc-sub-heading '  data-responsive-json-new='{\"font-size\":\"desktop:20px;\",\"line-height\":\"desktop:30px;\"}'  style=\"font-weight:normal;color:#148ba9;\">info@amema.az<\/div><\/div>[\/vc_column][vc_column offset=&#8221;vc_col-lg-4 vc_col-md-12 vc_col-xs-12&#8243; css=&#8221;.vc_custom_1575378844390{padding-bottom: 20px !important;}&#8221;]<style type=\"text\/css\" data-type=\"the7_shortcodes-inline-css\">#default-btn-94515f1a0fc3b9fc8830a458a72e9623 {\n  border-radius: 100px;\n  font-size: 16px;\n  line-height: 18px;\n}\n.btn-shadow#default-btn-94515f1a0fc3b9fc8830a458a72e9623 {\n  box-shadow: 0 1px 6px rgba(0,0,0,0.12);\n  transition: box-shadow 0.2s ease-out, opacity 0.45s;\n}\n.btn-shadow#default-btn-94515f1a0fc3b9fc8830a458a72e9623:hover {\n  box-shadow: 0 5px 11px 0 rgba(0,0,0,0.18), 0 4px 15px 0 rgba(0,0,0,0.15);\n}\n.btn-flat#default-btn-94515f1a0fc3b9fc8830a458a72e9623 {\n  box-shadow: none;\n}\n.btn-flat#default-btn-94515f1a0fc3b9fc8830a458a72e9623:hover {\n  box-shadow: none;\n}\n#default-btn-94515f1a0fc3b9fc8830a458a72e9623.ico-right-side > i {\n  margin-right: 0px;\n  margin-left: 8px;\n}\n#default-btn-94515f1a0fc3b9fc8830a458a72e9623 > i {\n  margin-right: 8px;\n  font-size: 16px;\n}\n#default-btn-94515f1a0fc3b9fc8830a458a72e9623:not(:hover) {\n  border-width: 0px;\n  color: #ffffff;\n  padding: 19px 13px 19px 13px;\n}\n#default-btn-94515f1a0fc3b9fc8830a458a72e9623:not(:hover) * {\n  color: #ffffff;\n}\n#default-btn-94515f1a0fc3b9fc8830a458a72e9623:hover {\n  border-width: 0px;\n  color: #ffffff;\n  padding: 19px 13px 19px 13px;\n}\n#default-btn-94515f1a0fc3b9fc8830a458a72e9623:hover * {\n  color: #ffffff;\n}\n#default-btn-94515f1a0fc3b9fc8830a458a72e9623.ico-right-side > i {\n  margin-right: 0px;\n  margin-left: 8px;\n}\n#default-btn-94515f1a0fc3b9fc8830a458a72e9623 > i {\n  margin-right: 8px;\n}\n<\/style><div class=\"btn-align-center\"><a href=\"\/\u0259laq\u0259\/\" class=\"default-btn-shortcode dt-btn link-hover-off ico-right-side anchor-link btn-flat \" id=\"default-btn-94515f1a0fc3b9fc8830a458a72e9623\" style=\"width:240px;\"><span>Write to us<\/span><i class=\"icomoon-the7-font-the7-mail-01\"><\/i><\/a><\/div>[\/vc_column][\/vc_row]<\/p>\n<\/div>","protected":false},"excerpt":{"rendered":"<p>[vc_row][vc_column][vc_column_text] &nbsp; Kiml\u0259r \u00fczv ola bil\u0259r? Az\u0259rbaycan Respublikas\u0131nda ma\u015f\u0131n v\u0259 avadanl\u0131q istehsal\u0131 sah\u0259sind\u0259 f\u0259aliyy\u0259t g\u00f6st\u0259r\u0259n h\u0259r bir fiziki v\u0259 h\u00fcquqi \u015f\u0259xs (d\u00f6vl\u0259t hakimiyy\u0259ti v\u0259 yerli \u00f6z\u00fcn\u00fcidar\u0259 orqanlar\u0131 istisna olmaqla) Assosiasiyan\u0131n \u00fczv\u00fc ola bil\u0259r. Assosiasiyaya nec\u0259 \u00fczv olmaq olar? Assosiasiyaya \u00fczvl\u0259rin q\u0259bulu Assosiasiyan\u0131n \u0130dar\u0259 Hey\u0259ti t\u0259r\u0259find\u0259n apar\u0131l\u0131r. Assosiasiyaya daxil olmaq \u00fc\u00e7\u00fcn Assosiasiyan\u0131n \u0130dar\u0259 Hey\u0259tin\u0259 Assosiasiya \u00fczvl\u00fcy\u00fcn\u0259&hellip;<\/p>\n","protected":false},"author":1,"featured_media":0,"parent":0,"menu_order":15,"comment_status":"closed","ping_status":"closed","template":"","meta":{"footnotes":""},"class_list":["post-3766","page","type-page","status-publish","hentry","description-off"],"_links":{"self":[{"href":"https:\/\/amema.az\/en\/wp-json\/wp\/v2\/pages\/3766","targetHints":{"allow":["GET"]}}],"collection":[{"href":"https:\/\/amema.az\/en\/wp-json\/wp\/v2\/pages"}],"about":[{"href":"https:\/\/amema.az\/en\/wp-json\/wp\/v2\/types\/page"}],"author":[{"embeddable":true,"href":"https:\/\/amema.az\/en\/wp-json\/wp\/v2\/users\/1"}],"replies":[{"embeddable":true,"href":"https:\/\/amema.az\/en\/wp-json\/wp\/v2\/comments?post=3766"}],"version-history":[{"count":15,"href":"https:\/\/amema.az\/en\/wp-json\/wp\/v2\/pages\/3766\/revisions"}],"predecessor-version":[{"id":4295,"href":"https:\/\/amema.az\/en\/wp-json\/wp\/v2\/pages\/3766\/revisions\/4295"}],"wp:attachment":[{"href":"https:\/\/amema.az\/en\/wp-json\/wp\/v2\/media?parent=3766"}],"curies":[{"name":"wp","href":"https:\/\/api.w.org\/{rel}","templated":true}]}}