{"id":3994,"date":"2021-05-13T18:52:41","date_gmt":"2021-05-13T18:52:41","guid":{"rendered":"https:\/\/amema.az\/qeydiyyat\/"},"modified":"2021-07-07T22:10:52","modified_gmt":"2021-07-07T22:10:52","slug":"%d1%80%d0%b5%d0%b3%d0%b8%d1%81%d1%82%d1%80%d0%b0%d1%86%d0%b8%d1%8f","status":"publish","type":"page","link":"https:\/\/amema.az\/ru\/%d1%80%d0%b5%d0%b3%d0%b8%d1%81%d1%82%d1%80%d0%b0%d1%86%d0%b8%d1%8f\/","title":{"rendered":"\u0420\u0435\u0433\u0438\u0441\u0442\u0440\u0430\u0446\u0438\u044f"},"content":{"rendered":"<div class=\"wpb-content-wrapper\"><p>[vc_row][vc_column][vc_column_text css=&#187;.vc_custom_1625724072795{margin-bottom: 15px !important;}&#187;]<\/p>\n<h4 id=\"tw-target-text\" class=\"tw-data-text tw-text-large XcVN5d tw-ta\" dir=\"ltr\" data-placeholder=\"Translation\"><span class=\"Y2IQFc\" lang=\"ru\">\u0412\u044b \u043c\u043e\u0436\u0435\u0442\u0435 \u0441\u043a\u0430\u0447\u0430\u0442\u044c \u0444\u043e\u0440\u043c\u0443 \u0437\u0430\u044f\u0432\u043a\u0438 \u043d\u0438\u0436\u0435. \u0417\u0430\u043f\u043e\u043b\u043d\u0438\u0432 \u0435\u0433\u043e, \u043e\u0442\u043f\u0440\u0430\u0432\u044c\u0442\u0435 \u0435\u0433\u043e \u043d\u0430\u043c \u0447\u0435\u0440\u0435\u0437 \u044d\u0442\u043e\u0442 \u0440\u0430\u0437\u0434\u0435\u043b.<\/span><\/h4>\n<p>[\/vc_column_text]<style type=\"text\/css\" data-type=\"the7_shortcodes-inline-css\">#default-btn-e99e1109cc89296258db7f017c7a3b81.ico-right-side > i {\n  margin-right: 0px;\n  margin-left: 8px;\n}\n#default-btn-e99e1109cc89296258db7f017c7a3b81 > i {\n  margin-right: 8px;\n}\n<\/style><a href=\"\/wp-content\/uploads\/2021\/04\/ERIZE-FORMASI.doc\" class=\"default-btn-shortcode dt-btn dt-btn-s link-hover-off btn-inline-left  vc_custom_1625723827608\" id=\"default-btn-e99e1109cc89296258db7f017c7a3b81\"><i class=\"dt-icon-the7-download\"><\/i><span>\u0424\u043e\u0440\u043c\u0430 \u0437\u0430\u044f\u0432\u043a\u0438<\/span><\/a>[\/vc_column][\/vc_row][vc_row][vc_column][vc_row_inner][vc_column_inner][\/vc_column_inner][\/vc_row_inner]<div class=\"wpforms-container wpforms-container-full\" id=\"wpforms-4129\"><form id=\"wpforms-form-4129\" class=\"wpforms-validate wpforms-form\" data-formid=\"4129\" method=\"post\" enctype=\"multipart\/form-data\" action=\"\/ru\/wp-json\/wp\/v2\/pages\/3994?wpforms_form_id=4129\" data-token=\"b9c26cf91e6ca8562ea8c7618a971fed\"><div class=\"wpforms-head-container\"><div class=\"wpforms-title\">\u0420\u0435\u0433\u0438\u0441\u0442\u0440\u0430\u0446\u0438\u044f<\/div><\/div><noscript class=\"wpforms-error-noscript\">\u0414\u043b\u044f \u0437\u0430\u043f\u043e\u043b\u043d\u0435\u043d\u0438\u044f \u0434\u0430\u043d\u043d\u043e\u0439 \u0444\u043e\u0440\u043c\u044b \u0432\u043a\u043b\u044e\u0447\u0438\u0442\u0435 JavaScript \u0432 \u0431\u0440\u0430\u0443\u0437\u0435\u0440\u0435.<\/noscript><div class=\"wpforms-field-container\"><div id=\"wpforms-4129-field_0-container\" class=\"wpforms-field wpforms-field-name\" data-field-id=\"0\"><label class=\"wpforms-field-label\" for=\"wpforms-4129-field_0\">\u0418\u043c\u044f <span class=\"wpforms-required-label\">*<\/span><\/label><input type=\"text\" id=\"wpforms-4129-field_0\" class=\"wpforms-field-medium wpforms-field-required\" name=\"wpforms[fields][0]\" required><\/div><div id=\"wpforms-4129-field_3-container\" class=\"wpforms-field wpforms-field-name\" data-field-id=\"3\"><label class=\"wpforms-field-label\" for=\"wpforms-4129-field_3\">\u0424\u0430\u043c\u0438\u043b\u0438\u044f <span class=\"wpforms-required-label\">*<\/span><\/label><input type=\"text\" id=\"wpforms-4129-field_3\" class=\"wpforms-field-medium wpforms-field-required\" name=\"wpforms[fields][3]\" required><\/div><div id=\"wpforms-4129-field_1-container\" class=\"wpforms-field wpforms-field-email\" data-field-id=\"1\"><label class=\"wpforms-field-label\" for=\"wpforms-4129-field_1\">Email <span class=\"wpforms-required-label\">*<\/span><\/label><input type=\"email\" id=\"wpforms-4129-field_1\" class=\"wpforms-field-medium wpforms-field-required\" name=\"wpforms[fields][1]\" required><\/div><div id=\"wpforms-4129-field_7-container\" class=\"wpforms-field wpforms-field-phone\" data-field-id=\"7\"><label class=\"wpforms-field-label\" for=\"wpforms-4129-field_7\">\u0422\u0435\u043b\u0435\u0444\u043e\u043d<\/label><input type=\"tel\" id=\"wpforms-4129-field_7\" class=\"wpforms-field-medium\" data-rule-int-phone-field=\"true\" name=\"wpforms[fields][7]\" placeholder=\"+994\" ><\/div><div id=\"wpforms-4129-field_2-container\" class=\"wpforms-field wpforms-field-textarea\" data-field-id=\"2\"><label class=\"wpforms-field-label\" for=\"wpforms-4129-field_2\">\u041f\u0440\u0438\u043c\u0435\u0447\u0430\u043d\u0438\u0435 <span class=\"wpforms-required-label\">*<\/span><\/label><textarea id=\"wpforms-4129-field_2\" class=\"wpforms-field-medium wpforms-field-required\" name=\"wpforms[fields][2]\" required><\/textarea><\/div><div id=\"wpforms-4129-field_6-container\" class=\"wpforms-field wpforms-field-file-upload\" data-field-id=\"6\"><label class=\"wpforms-field-label\" for=\"wpforms-4129-field_6\">\u0424\u043e\u0440\u043c\u0430 \u0437\u0430\u044f\u0432\u043a\u0438<\/label><div class=\"wpforms-uploader\"\n\tdata-field-id=\"6\"\n\tdata-form-id=\"4129\"\n\tdata-input-name=\"wpforms_4129_6\"\n\tdata-extensions=\"doc,docx,pdf\"\n\tdata-max-size=\"1048576\"\n\tdata-max-file-number=\"1\"\n\tdata-post-max-size=\"536870912\"\n    data-max-parallel-uploads=\"4\"\n    data-parallel-uploads=\"true\"\n\tdata-file-chunk-size=\"1048576\">\n\t<div class=\"dz-message\">\n\t\t<svg viewBox=\"0 0 1024 1024\" focusable=\"false\" class=\"\" data-icon=\"inbox\" width=\"50px\" height=\"50px\" fill=\"#B1B1B1\" aria-hidden=\"true\"><path d=\"M885.2 446.3l-.2-.8-112.2-285.1c-5-16.1-19.9-27.2-36.8-27.2H281.2c-17 0-32.1 11.3-36.9 27.6L139.4 443l-.3.7-.2.8c-1.3 4.9-1.7 9.9-1 14.8-.1 1.6-.2 3.2-.2 4.8V830a60.9 60.9 0 0 0 60.8 60.8h627.2c33.5 0 60.8-27.3 60.9-60.8V464.1c0-1.3 0-2.6-.1-3.7.4-4.9 0-9.6-1.3-14.1zm-295.8-43l-.3 15.7c-.8 44.9-31.8 75.1-77.1 75.1-22.1 0-41.1-7.1-54.8-20.6S436 441.2 435.6 419l-.3-15.7H229.5L309 210h399.2l81.7 193.3H589.4zm-375 76.8h157.3c24.3 57.1 76 90.8 140.4 90.8 33.7 0 65-9.4 90.3-27.2 22.2-15.6 39.5-37.4 50.7-63.6h156.5V814H214.4V480.1z\"><\/path><\/svg>\n\t\t<span class=\"modern-title\">\n\t\t\t\u041d\u0430\u0436\u043c\u0438\u0442\u0435 \u0438\u043b\u0438 \u043f\u0435\u0440\u0435\u0442\u0430\u0449\u0438\u0442\u0435 \u0444\u0430\u0439\u043b \u0432 \u044d\u0442\u0443 \u043e\u0431\u043b\u0430\u0441\u0442\u044c \u0434\u043b\u044f \u0437\u0430\u0433\u0440\u0443\u0437\u043a\u0438.\t\t<\/span>\n\t\t<span class=\"modern-title_az\" style=\"display:none;\">\n\t\t\tY\u00fckl\u0259m\u0259k \u00fc\u00e7\u00fcn bir fayl se\u00e7in v\u0259 ya bu \u0259raziy\u0259 s\u00fcr\u00fckl\u0259yin.\t\t<\/span>\n\n\t\t\t<\/div>\n<\/div>\n<input type=\"text\" class=\"dropzone-input\"\n\tstyle=\"position:absolute!important;clip:rect(0,0,0,0)!important;height:1px!important;width:1px!important;border:0!important;overflow:hidden!important;padding:0!important;margin:0!important;\"\n\tid=\"wpforms-4129-field_6\"\n\tname=\"wpforms_4129_6\" >\n<div class=\"wpforms-field-description\">\u0421\u043a\u0430\u0447\u0430\u0442\u044c \u0444\u043e\u0440\u043c\u0443 \u0437\u0430\u044f\u0432\u043a\u0438 \u0432 \u044d\u0442\u043e\u043c \u0440\u0430\u0437\u0434\u0435\u043b\u0435<\/div><\/div><\/div><div class=\"wpforms-submit-container\" ><input type=\"hidden\" name=\"wpforms[id]\" value=\"4129\"><input type=\"hidden\" name=\"wpforms[author]\" value=\"1\"><button type=\"submit\" name=\"wpforms[submit]\" class=\"wpforms-submit \" id=\"wpforms-submit-4129\" value=\"wpforms-submit\" aria-live=\"assertive\" data-alt-text=\"\u041e\u0442\u043f\u0440\u0430\u0432\u043a\u0430\" data-submit-text=\"\u041e\u0442\u043f\u0440\u0430\u0432\u0438\u0442\u044c\">\u041e\u0442\u043f\u0440\u0430\u0432\u0438\u0442\u044c<\/button><\/div><\/form><\/div>  <!-- .wpforms-container -->[\/vc_column][\/vc_row]<\/p>\n<\/div>","protected":false},"excerpt":{"rendered":"<p>[vc_row][vc_column][vc_column_text css=&#187;.vc_custom_1625724072795{margin-bottom: 15px !important;}&#187;] \u0412\u044b \u043c\u043e\u0436\u0435\u0442\u0435 \u0441\u043a\u0430\u0447\u0430\u0442\u044c \u0444\u043e\u0440\u043c\u0443 \u0437\u0430\u044f\u0432\u043a\u0438 \u043d\u0438\u0436\u0435. \u0417\u0430\u043f\u043e\u043b\u043d\u0438\u0432 \u0435\u0433\u043e, \u043e\u0442\u043f\u0440\u0430\u0432\u044c\u0442\u0435 \u0435\u0433\u043e \u043d\u0430\u043c \u0447\u0435\u0440\u0435\u0437 \u044d\u0442\u043e\u0442 \u0440\u0430\u0437\u0434\u0435\u043b. [\/vc_column_text][\/vc_column][\/vc_row][vc_row][vc_column][vc_row_inner][vc_column_inner][\/vc_column_inner][\/vc_row_inner][\/vc_column][\/vc_row]<\/p>\n","protected":false},"author":1,"featured_media":0,"parent":0,"menu_order":0,"comment_status":"closed","ping_status":"closed","template":"","meta":{"footnotes":""},"class_list":["post-3994","page","type-page","status-publish","hentry","description-off"],"_links":{"self":[{"href":"https:\/\/amema.az\/ru\/wp-json\/wp\/v2\/pages\/3994","targetHints":{"allow":["GET"]}}],"collection":[{"href":"https:\/\/amema.az\/ru\/wp-json\/wp\/v2\/pages"}],"about":[{"href":"https:\/\/amema.az\/ru\/wp-json\/wp\/v2\/types\/page"}],"author":[{"embeddable":true,"href":"https:\/\/amema.az\/ru\/wp-json\/wp\/v2\/users\/1"}],"replies":[{"embeddable":true,"href":"https:\/\/amema.az\/ru\/wp-json\/wp\/v2\/comments?post=3994"}],"version-history":[{"count":8,"href":"https:\/\/amema.az\/ru\/wp-json\/wp\/v2\/pages\/3994\/revisions"}],"predecessor-version":[{"id":4131,"href":"https:\/\/amema.az\/ru\/wp-json\/wp\/v2\/pages\/3994\/revisions\/4131"}],"wp:attachment":[{"href":"https:\/\/amema.az\/ru\/wp-json\/wp\/v2\/media?parent=3994"}],"curies":[{"name":"wp","href":"https:\/\/api.w.org\/{rel}","templated":true}]}}